{"id":5,"date":"2025-12-21T04:40:25","date_gmt":"2025-12-21T04:40:25","guid":{"rendered":"https:\/\/seashell-aardvark-285822.hostingersite.com\/home\/"},"modified":"2025-12-30T02:45:29","modified_gmt":"2025-12-30T02:45:29","slug":"home","status":"publish","type":"page","link":"https:\/\/juanplacido.com\/en\/","title":{"rendered":"Home"},"content":{"rendered":"<div data-elementor-type=\"wp-page\" data-elementor-id=\"5\" class=\"elementor elementor-5\">\n\t\t\t\t<div class=\"elementor-element elementor-element-64c6bef e-grid e-con-boxed e-con e-parent\" data-id=\"64c6bef\" data-element_type=\"container\" id=\"hostinger-ai-hero-3\" data-settings=\"{&quot;background_background&quot;:&quot;classic&quot;}\">\n\t\t\t\t\t<div class=\"e-con-inner\">\n\t\t<div class=\"elementor-element elementor-element-ea00c9a e-con-full e-flex e-con e-child\" data-id=\"ea00c9a\" data-element_type=\"container\">\n\t\t\t\t<div class=\"elementor-element elementor-element-f30974f hostinger-ai-title elementor-widget elementor-widget-heading\" data-id=\"f30974f\" data-element_type=\"widget\" data-widget_type=\"heading.default\">\n\t\t\t\t\t<h1 class=\"elementor-heading-title elementor-size-default\">A home in Cusco, built on history<\/h1>\t\t\t\t<\/div>\n\t\t\t\t<div class=\"elementor-element elementor-element-f325d9d hostinger-ai-description elementor-widget elementor-widget-text-editor\" data-id=\"f325d9d\" data-element_type=\"widget\" data-widget_type=\"text-editor.default\">\n\t\t\t\t\t\t\t\t\t<p data-start=\"479\" data-end=\"887\">Welcome to <strong data-start=\"522\" data-end=\"544\">Juan Placido Hospedaje<\/strong>, a family business born from a heritage that has lived on this land for generations.<br data-start=\"642\" data-end=\"645\" \/><br \/><\/p>\t\t\t\t\t\t\t\t<\/div>\n\t\t\t\t<\/div>\n\t\t<div class=\"elementor-element elementor-element-38aea83 e-con-full e-flex e-con e-child\" data-id=\"38aea83\" data-element_type=\"container\">\n\t\t\t\t<div class=\"elementor-element elementor-element-9e74bae hostinger-ai-image elementor-widget elementor-widget-image\" data-id=\"9e74bae\" data-element_type=\"widget\" data-widget_type=\"image.default\">\n\t\t\t\t\t\t\t\t\t\t\t\t\t\t\t<img fetchpriority=\"high\" decoding=\"async\" width=\"1024\" height=\"768\" src=\"https:\/\/juanplacido.com\/wp-content\/uploads\/2025\/12\/Fachada-2-1024x768.jpeg\" class=\"attachment-large size-large wp-image-83\" alt=\"\" srcset=\"https:\/\/juanplacido.com\/wp-content\/uploads\/2025\/12\/Fachada-2-1024x768.jpeg 1024w, https:\/\/juanplacido.com\/wp-content\/uploads\/2025\/12\/Fachada-2-300x225.jpeg 300w, https:\/\/juanplacido.com\/wp-content\/uploads\/2025\/12\/Fachada-2-768x576.jpeg 768w, https:\/\/juanplacido.com\/wp-content\/uploads\/2025\/12\/Fachada-2-1536x1152.jpeg 1536w, https:\/\/juanplacido.com\/wp-content\/uploads\/2025\/12\/Fachada-2-16x12.jpeg 16w, https:\/\/juanplacido.com\/wp-content\/uploads\/2025\/12\/Fachada-2.jpeg 1600w\" sizes=\"(max-width: 1024px) 100vw, 1024px\" \/>\t\t\t\t\t\t\t\t\t\t\t\t\t\t\t<\/div>\n\t\t\t\t<\/div>\n\t\t\t\t\t<\/div>\n\t\t\t\t<\/div>\n\t\t<div class=\"elementor-element elementor-element-3e698ec e-flex e-con-boxed e-con e-parent\" data-id=\"3e698ec\" data-element_type=\"container\">\n\t\t\t\t\t<div class=\"e-con-inner\">\n\t\t<div class=\"elementor-element elementor-element-7839210 e-grid hostinger-ai-about-us-1 e-con-full e-con e-child\" data-id=\"7839210\" data-element_type=\"container\">\n\t\t<div class=\"elementor-element elementor-element-ad9a1d9 e-con-full e-flex e-con e-child\" data-id=\"ad9a1d9\" data-element_type=\"container\">\n\t\t\t\t<div class=\"elementor-element elementor-element-95333c8 hostinger-ai-title elementor-widget elementor-widget-heading\" data-id=\"95333c8\" data-element_type=\"widget\" data-widget_type=\"heading.default\">\n\t\t\t\t\t<h2 class=\"elementor-heading-title elementor-size-default\">Feel at home, in an authentic and peaceful Cusco.<\/h2>\t\t\t\t<\/div>\n\t\t\t\t<\/div>\n\t\t<div class=\"elementor-element elementor-element-9b44d94 e-con-full e-flex e-con e-child\" data-id=\"9b44d94\" data-element_type=\"container\">\n\t\t\t\t<div class=\"elementor-element elementor-element-efef01c hostinger-ai-description elementor-widget elementor-widget-text-editor\" data-id=\"efef01c\" data-element_type=\"widget\" data-widget_type=\"text-editor.default\">\n\t\t\t\t\t\t\t\t\t<p>Run by a family that knows Cusco generation after generation, here you will find relaxation and tradition.<\/p>\t\t\t\t\t\t\t\t<\/div>\n\t\t\t\t<\/div>\n\t\t\t\t<\/div>\n\t\t<div class=\"elementor-element elementor-element-f218336 e-grid e-con-full e-con e-child\" data-id=\"f218336\" data-element_type=\"container\">\n\t\t\t\t<div class=\"elementor-element elementor-element-73cb77b hostinger-ai-image hostinger-index-6 elementor-widget elementor-widget-image\" data-id=\"73cb77b\" data-element_type=\"widget\" data-widget_type=\"image.default\">\n\t\t\t\t\t\t\t\t\t\t\t\t\t\t\t<img decoding=\"async\" width=\"960\" height=\"1280\" src=\"https:\/\/juanplacido.com\/wp-content\/uploads\/2025\/12\/baile-santa-an-1.jpeg\" class=\"attachment-full size-full wp-image-84\" alt=\"\" srcset=\"https:\/\/juanplacido.com\/wp-content\/uploads\/2025\/12\/baile-santa-an-1.jpeg 960w, https:\/\/juanplacido.com\/wp-content\/uploads\/2025\/12\/baile-santa-an-1-225x300.jpeg 225w, https:\/\/juanplacido.com\/wp-content\/uploads\/2025\/12\/baile-santa-an-1-768x1024.jpeg 768w, https:\/\/juanplacido.com\/wp-content\/uploads\/2025\/12\/baile-santa-an-1-9x12.jpeg 9w\" sizes=\"(max-width: 960px) 100vw, 960px\" \/>\t\t\t\t\t\t\t\t\t\t\t\t\t\t\t<\/div>\n\t\t\t\t<div class=\"elementor-element elementor-element-c78cdc7 hostinger-ai-image hostinger-index-7 elementor-widget elementor-widget-image\" data-id=\"c78cdc7\" data-element_type=\"widget\" data-widget_type=\"image.default\">\n\t\t\t\t\t\t\t\t\t\t\t\t\t\t\t<img decoding=\"async\" width=\"1225\" height=\"826\" src=\"https:\/\/juanplacido.com\/wp-content\/uploads\/2025\/12\/tt.jpeg\" class=\"attachment-full size-full wp-image-91\" alt=\"\" srcset=\"https:\/\/juanplacido.com\/wp-content\/uploads\/2025\/12\/tt.jpeg 1225w, https:\/\/juanplacido.com\/wp-content\/uploads\/2025\/12\/tt-300x202.jpeg 300w, https:\/\/juanplacido.com\/wp-content\/uploads\/2025\/12\/tt-1024x690.jpeg 1024w, https:\/\/juanplacido.com\/wp-content\/uploads\/2025\/12\/tt-768x518.jpeg 768w, https:\/\/juanplacido.com\/wp-content\/uploads\/2025\/12\/tt-18x12.jpeg 18w\" sizes=\"(max-width: 1225px) 100vw, 1225px\" \/>\t\t\t\t\t\t\t\t\t\t\t\t\t\t\t<\/div>\n\t\t\t\t<\/div>\n\t\t\t\t\t<\/div>\n\t\t\t\t<\/div>\n\t\t<div class=\"elementor-element elementor-element-76384ba hostinger-ai-our-services-2 e-flex e-con-boxed e-con e-parent\" data-id=\"76384ba\" data-element_type=\"container\" data-settings=\"{&quot;background_background&quot;:&quot;classic&quot;}\">\n\t\t\t\t\t<div class=\"e-con-inner\">\n\t\t<div class=\"elementor-element elementor-element-6aabfe1 e-con-full e-flex e-con e-child\" data-id=\"6aabfe1\" data-element_type=\"container\">\n\t\t\t\t<div class=\"elementor-element elementor-element-f7ed4dd hostinger-ai-title elementor-widget elementor-widget-heading\" data-id=\"f7ed4dd\" data-element_type=\"widget\" data-widget_type=\"heading.default\">\n\t\t\t\t\t<h2 class=\"elementor-heading-title elementor-size-default\">Our Services<\/h2>\t\t\t\t<\/div>\n\t\t<div class=\"elementor-element elementor-element-fdcb56c e-grid e-con-full e-con e-child\" data-id=\"fdcb56c\" data-element_type=\"container\">\n\t\t<div class=\"elementor-element elementor-element-df3b27a e-con-full e-flex e-con e-child\" data-id=\"df3b27a\" data-element_type=\"container\">\n\t\t\t\t<div class=\"elementor-element elementor-element-d13d5fe hostinger-ai-service-image elementor-widget elementor-widget-image\" data-id=\"d13d5fe\" data-element_type=\"widget\" data-widget_type=\"image.default\">\n\t\t\t\t\t\t\t\t\t\t\t\t\t\t\t<img loading=\"lazy\" decoding=\"async\" width=\"1024\" height=\"975\" src=\"https:\/\/juanplacido.com\/wp-content\/uploads\/2025\/12\/Habitacion-1-1024x975.jpeg\" class=\"attachment-large size-large wp-image-25\" alt=\"\" srcset=\"https:\/\/juanplacido.com\/wp-content\/uploads\/2025\/12\/Habitacion-1-1024x975.jpeg 1024w, https:\/\/juanplacido.com\/wp-content\/uploads\/2025\/12\/Habitacion-1-300x286.jpeg 300w, https:\/\/juanplacido.com\/wp-content\/uploads\/2025\/12\/Habitacion-1-768x732.jpeg 768w, https:\/\/juanplacido.com\/wp-content\/uploads\/2025\/12\/Habitacion-1.jpeg 1200w\" sizes=\"(max-width: 1024px) 100vw, 1024px\" \/>\t\t\t\t\t\t\t\t\t\t\t\t\t\t\t<\/div>\n\t\t\t\t<div class=\"elementor-element elementor-element-3e790c6 hostinger-ai-service-description elementor-widget elementor-widget-text-editor\" data-id=\"3e790c6\" data-element_type=\"widget\" data-widget_type=\"text-editor.default\">\n\t\t\t\t\t\t\t\t\t<p>Comfortable rooms<\/p>\t\t\t\t\t\t\t\t<\/div>\n\t\t\t\t<\/div>\n\t\t<div class=\"elementor-element elementor-element-0d9383c e-con-full e-flex e-con e-child\" data-id=\"0d9383c\" data-element_type=\"container\">\n\t\t\t\t<div class=\"elementor-element elementor-element-3377a60 hostinger-ai-service-image hostinger-index-1 elementor-widget elementor-widget-image\" data-id=\"3377a60\" data-element_type=\"widget\" data-widget_type=\"image.default\">\n\t\t\t\t\t\t\t\t\t\t\t\t\t\t\t<img loading=\"lazy\" decoding=\"async\" width=\"1024\" height=\"975\" src=\"https:\/\/juanplacido.com\/wp-content\/uploads\/2025\/12\/Desayumo-1024x975.jpeg\" class=\"attachment-large size-large wp-image-51\" alt=\"\" srcset=\"https:\/\/juanplacido.com\/wp-content\/uploads\/2025\/12\/Desayumo-1024x975.jpeg 1024w, https:\/\/juanplacido.com\/wp-content\/uploads\/2025\/12\/Desayumo-300x286.jpeg 300w, https:\/\/juanplacido.com\/wp-content\/uploads\/2025\/12\/Desayumo-768x732.jpeg 768w, https:\/\/juanplacido.com\/wp-content\/uploads\/2025\/12\/Desayumo-13x12.jpeg 13w, https:\/\/juanplacido.com\/wp-content\/uploads\/2025\/12\/Desayumo.jpeg 1200w\" sizes=\"(max-width: 1024px) 100vw, 1024px\" \/>\t\t\t\t\t\t\t\t\t\t\t\t\t\t\t<\/div>\n\t\t\t\t<div class=\"elementor-element elementor-element-97eff75 hostinger-ai-service-description hostinger-index-1 elementor-widget elementor-widget-text-editor\" data-id=\"97eff75\" data-element_type=\"widget\" data-widget_type=\"text-editor.default\">\n\t\t\t\t\t\t\t\t\t<p>Breakfast Included<\/p>\t\t\t\t\t\t\t\t<\/div>\n\t\t\t\t<\/div>\n\t\t<div class=\"elementor-element elementor-element-cb22ced e-con-full e-flex e-con e-child\" data-id=\"cb22ced\" data-element_type=\"container\">\n\t\t\t\t<div class=\"elementor-element elementor-element-7f71384 hostinger-ai-service-image hostinger-index-2 elementor-widget elementor-widget-image\" data-id=\"7f71384\" data-element_type=\"widget\" data-widget_type=\"image.default\">\n\t\t\t\t\t\t\t\t\t\t\t\t\t\t\t<img loading=\"lazy\" decoding=\"async\" width=\"488\" height=\"468\" src=\"https:\/\/juanplacido.com\/wp-content\/uploads\/2025\/12\/t3.jpg\" class=\"attachment-medium_large size-medium_large wp-image-133\" alt=\"\" srcset=\"https:\/\/juanplacido.com\/wp-content\/uploads\/2025\/12\/t3.jpg 488w, https:\/\/juanplacido.com\/wp-content\/uploads\/2025\/12\/t3-300x288.jpg 300w, https:\/\/juanplacido.com\/wp-content\/uploads\/2025\/12\/t3-13x12.jpg 13w\" sizes=\"(max-width: 488px) 100vw, 488px\" \/>\t\t\t\t\t\t\t\t\t\t\t\t\t\t\t<\/div>\n\t\t\t\t<div class=\"elementor-element elementor-element-9a21c25 hostinger-ai-service-description hostinger-index-1 elementor-widget elementor-widget-text-editor\" data-id=\"9a21c25\" data-element_type=\"widget\" data-widget_type=\"text-editor.default\">\n\t\t\t\t\t\t\t\t\t<p>Airport transfer coordination<\/p>\t\t\t\t\t\t\t\t<\/div>\n\t\t\t\t<\/div>\n\t\t\t\t<\/div>\n\t\t\t\t<\/div>\n\t\t\t\t\t<\/div>\n\t\t\t\t<\/div>\n\t\t<div class=\"elementor-element elementor-element-33ecba2 e-flex e-con-boxed e-con e-parent\" data-id=\"33ecba2\" data-element_type=\"container\">\n\t\t\t\t\t<div class=\"e-con-inner\">\n\t\t\t\t<div class=\"elementor-element elementor-element-3e65cad hostinger-ai-title elementor-widget elementor-widget-heading\" data-id=\"3e65cad\" data-element_type=\"widget\" data-widget_type=\"heading.default\">\n\t\t\t\t\t<h2 class=\"elementor-heading-title elementor-size-default\">Our Home<\/h2>\t\t\t\t<\/div>\n\t\t<div class=\"elementor-element elementor-element-7bfd3ec e-con-full e-flex e-con e-child\" data-id=\"7bfd3ec\" data-element_type=\"container\">\n\t\t\t\t<div class=\"elementor-element elementor-element-bef5a22 hostinger-ai-description elementor-widget elementor-widget-text-editor\" data-id=\"bef5a22\" data-element_type=\"widget\" data-widget_type=\"text-editor.default\">\n\t\t\t\t\t\t\t\t\t<p>We are in the traditional <strong data-start=\"222\" data-end=\"245\" data-is-only-node=\"\">Santa Ana Neighborhood<\/strong>, one of the oldest and most elevated areas of Cusco, just steps away from the historic <strong data-start=\"319\" data-end=\"343\">Santa Ana Church<\/strong> and its viewpoint, from where panoramic views of the city can be enjoyed.<\/p>\t\t\t\t\t\t\t\t<\/div>\n\t\t<div class=\"elementor-element elementor-element-651ce8d e-grid e-con-full e-con e-child\" data-id=\"651ce8d\" data-element_type=\"container\">\n\t\t<div class=\"elementor-element elementor-element-7677bc6 e-con-full e-flex e-con e-child\" data-id=\"7677bc6\" data-element_type=\"container\">\n\t\t\t\t<div class=\"elementor-element elementor-element-83c7a72 hostinger-ai-title hostinger-index-1 hostinger-ai-font-bold elementor-widget elementor-widget-heading\" data-id=\"83c7a72\" data-element_type=\"widget\" data-widget_type=\"heading.default\">\n\t\t\t\t\t<h2 class=\"elementor-heading-title elementor-size-default\">Address<\/h2>\t\t\t\t<\/div>\n\t\t\t\t<div class=\"elementor-element elementor-element-dc9a6c7 elementor-widget elementor-widget-text-editor\" data-id=\"dc9a6c7\" data-element_type=\"widget\" data-widget_type=\"text-editor.default\">\n\t\t\t\t\t\t\t\t\t<p>Jr.Emancipation 38, Cusco, Cusco<\/p>\t\t\t\t\t\t\t\t<\/div>\n\t\t\t\t<\/div>\n\t\t<div class=\"elementor-element elementor-element-4d23da8 e-con-full e-flex e-con e-child\" data-id=\"4d23da8\" data-element_type=\"container\">\n\t\t\t\t<div class=\"elementor-element elementor-element-fc5d92b hostinger-ai-title hostinger-index-2 hostinger-ai-font-bold elementor-widget elementor-widget-heading\" data-id=\"fc5d92b\" data-element_type=\"widget\" data-widget_type=\"heading.default\">\n\t\t\t\t\t<h2 class=\"elementor-heading-title elementor-size-default\">Hours of operation<\/h2>\t\t\t\t<\/div>\n\t\t\t\t<div class=\"elementor-element elementor-element-1a60855 elementor-widget elementor-widget-text-editor\" data-id=\"1a60855\" data-element_type=\"widget\" data-widget_type=\"text-editor.default\">\n\t\t\t\t\t\t\t\t\t<p>6am - 9pm<\/p>\t\t\t\t\t\t\t\t<\/div>\n\t\t\t\t<\/div>\n\t\t\t\t<\/div>\n\t\t\t\t<div class=\"elementor-element elementor-element-be46c88 elementor-widget__width-initial elementor-widget elementor-widget-html\" data-id=\"be46c88\" data-element_type=\"widget\" data-widget_type=\"html.default\">\n\t\t\t\t\t<iframe src=\"https:\/\/www.google.com\/maps\/embed?pb=!1m18!1m12!1m3!1d3879.389445808369!2d-71.9857837!3d-13.511675399999998!2m3!1f0!2f0!3f0!3m2!1i1024!2i768!4f13.1!3m3!1m2!1s0x916dd7006c804425%3A0x5d1d06f39818d22b!2sJuan%20Pl%C3%A1cido%20Hospedaje!5e0!3m2!1ses!2spe!4v1766715434135!5m2!1ses!2spe\"\nheight=\"450\" style=\"width: 100%; min-width: 100%; border:0;\" allowfullscreen=\"\" loading=\"lazy\" referrerpolicy=\"no-referrer-when-downgrade\"><\/iframe>\t\t\t\t<\/div>\n\t\t\t\t<\/div>\n\t\t\t\t\t<\/div>\n\t\t\t\t<\/div>\n\t\t\t\t<\/div>","protected":false},"excerpt":{"rendered":"<p>Un hogar en Cusco, construido sobre historia Bienvenidos a Juan Pl\u00e1cido Hospedaje, un negocio familiar nacido de una herencia que ha vivido en esta tierra por generaciones. Si\u00e9ntase en casa, en un Cusco aut\u00e9ntico y tranquilo. Atendido por una familia que conoce Cusco generaci\u00f3n tras generaci\u00f3n, aqu\u00ed encontrar\u00e1 descanso y tradici\u00f3n. Nuestros Servicios Habitaciones c\u00f3modas [&hellip;]<\/p>","protected":false},"author":1,"featured_media":0,"parent":0,"menu_order":0,"comment_status":"closed","ping_status":"closed","template":"","meta":{"footnotes":""},"class_list":["post-5","page","type-page","status-publish","hentry"],"_hostinger_reach_plugin_has_subscription_block":false,"_hostinger_reach_plugin_is_elementor":false,"_links":{"self":[{"href":"https:\/\/juanplacido.com\/en\/wp-json\/wp\/v2\/pages\/5","targetHints":{"allow":["GET"]}}],"collection":[{"href":"https:\/\/juanplacido.com\/en\/wp-json\/wp\/v2\/pages"}],"about":[{"href":"https:\/\/juanplacido.com\/en\/wp-json\/wp\/v2\/types\/page"}],"author":[{"embeddable":true,"href":"https:\/\/juanplacido.com\/en\/wp-json\/wp\/v2\/users\/1"}],"replies":[{"embeddable":true,"href":"https:\/\/juanplacido.com\/en\/wp-json\/wp\/v2\/comments?post=5"}],"version-history":[{"count":25,"href":"https:\/\/juanplacido.com\/en\/wp-json\/wp\/v2\/pages\/5\/revisions"}],"predecessor-version":[{"id":143,"href":"https:\/\/juanplacido.com\/en\/wp-json\/wp\/v2\/pages\/5\/revisions\/143"}],"wp:attachment":[{"href":"https:\/\/juanplacido.com\/en\/wp-json\/wp\/v2\/media?parent=5"}],"curies":[{"name":"wp","href":"https:\/\/api.w.org\/{rel}","templated":true}]}}