{"id":6,"date":"2025-12-21T04:40:32","date_gmt":"2025-12-21T04:40:32","guid":{"rendered":"https:\/\/seashell-aardvark-285822.hostingersite.com\/about\/"},"modified":"2025-12-30T02:06:33","modified_gmt":"2025-12-30T02:06:33","slug":"about","status":"publish","type":"page","link":"https:\/\/juanplacido.com\/en\/about\/","title":{"rendered":"About Us"},"content":{"rendered":"<div data-elementor-type=\"wp-page\" data-elementor-id=\"6\" class=\"elementor elementor-6\">\n\t\t\t\t<div class=\"elementor-element elementor-element-4416749 e-grid hostinger-ai-about-us-3 e-con-boxed e-con e-parent\" data-id=\"4416749\" data-element_type=\"container\">\n\t\t\t\t\t<div class=\"e-con-inner\">\n\t\t<div class=\"elementor-element elementor-element-ac68c9f e-con-full e-flex e-con e-child\" data-id=\"ac68c9f\" data-element_type=\"container\">\n\t\t\t\t<div class=\"elementor-element elementor-element-5dbfd0c hostinger-ai-title elementor-widget elementor-widget-heading\" data-id=\"5dbfd0c\" data-element_type=\"widget\" data-widget_type=\"heading.default\">\n\t\t\t\t\t<h2 class=\"elementor-heading-title elementor-size-default\">Our history<\/h2>\t\t\t\t<\/div>\n\t\t\t\t<div class=\"elementor-element elementor-element-54bca8c hostinger-ai-description elementor-widget elementor-widget-text-editor\" data-id=\"54bca8c\" data-element_type=\"widget\" data-widget_type=\"text-editor.default\">\n\t\t\t\t\t\t\t\t\t<div class=\"flex flex-col text-sm pb-25\">\n<article class=\"text-token-text-primary w-full focus:outline-none [--shadow-height:45px] has-data-writing-block:pointer-events-none has-data-writing-block:-mt-(--shadow-height) has-data-writing-block:pt-(--shadow-height) [&amp;:has([data-writing-block])&gt;*]:pointer-events-auto scroll-mt-[calc(var(--header-height)+min(200px,max(70px,20svh)))]\" dir=\"auto\" tabindex=\"-1\" data-turn-id=\"b61f3738-389c-4095-8ed5-8423d51fd13e\" data-testid=\"conversation-turn-91\" data-scroll-anchor=\"true\" data-turn=\"assistant\">\n<div class=\"text-base my-auto mx-auto pb-10 [--thread-content-margin:--spacing(4)] @w-sm\/main:[--thread-content-margin:--spacing(6)] @w-lg\/main:[--thread-content-margin:--spacing(16)] px-(--thread-content-margin)\">\n<div class=\"[--thread-content-max-width:40rem] @w-lg\/main:[--thread-content-max-width:48rem] mx-auto max-w-(--thread-content-max-width) flex-1 group\/turn-messages focus-visible:outline-hidden relative flex w-full min-w-0 flex-col agent-turn\" tabindex=\"-1\">\n<div class=\"flex max-w-full flex-col grow\">\n<div class=\"min-h-8 text-message relative flex w-full flex-col items-end gap-2 text-start break-words whitespace-normal [.text-message+&amp;]:mt-1\" dir=\"auto\" data-message-author-role=\"assistant\" data-message-id=\"00ab566e-013d-4994-a164-8c20eacd7278\" data-message-model-slug=\"gpt-5-1-thinking\">\n<div class=\"flex w-full flex-col gap-1 empty:hidden first:pt-[1px]\">\n<div class=\"markdown prose dark:prose-invert w-full break-words light markdown-new-styling\">\n<p data-start=\"132\" data-end=\"402\">Hotel Juan Placido was born as the dream of our Cusquenian family, who has lived and felt this city for generations. For us it is not just a business, but a way to share the hospitality with which we have received family and friends all our lives.<\/p>\n<p data-start=\"404\" data-end=\"674\">We choose the name <strong data-start=\"423\" data-end=\"439\">Juan Placido<\/strong> in honor of a beloved member of our family, whose values inspire us every day: simplicity, warmth, respect and closeness. We want those same values to be felt in every space of the hotel and in every detail of the attention.<\/p>\n<p data-start=\"676\" data-end=\"962\">Being a family hotel, we are present ourselves, taking care of the experience of those who stay with us. We like to get to know our guests, know what they need and accompany them with sincere recommendations so that they can live Cusco in an authentic, safe and peaceful way.<\/p>\n<p data-start=\"964\" data-end=\"1111\">More than just offering a room, we want to be your home in Cusco: a place where you feel welcome, accompanied and part of our history.<\/p>\n<\/div>\n<\/div>\n<\/div>\n<\/div>\n<div class=\"z-0 flex min-h-[46px] justify-start\">\u00a0<\/div>\n<div class=\"mt-3 w-full empty:hidden\">\n<div class=\"text-center\">\u00a0<\/div>\n<\/div>\n<\/div>\n<\/div>\n<\/article>\n<\/div>\n<div class=\"pointer-events-none h-px w-px absolute bottom-0\" aria-hidden=\"true\" data-edge=\"true\">\u00a0<\/div>\t\t\t\t\t\t\t\t<\/div>\n\t\t\t\t<\/div>\n\t\t\t\t\t<\/div>\n\t\t\t\t<\/div>\n\t\t<div class=\"elementor-element elementor-element-21c4349 e-flex e-con-boxed e-con e-parent\" data-id=\"21c4349\" data-element_type=\"container\">\n\t\t\t\t\t<div class=\"e-con-inner\">\n\t\t\t\t<div class=\"elementor-element elementor-element-825d5ec elementor-widget elementor-widget-image\" data-id=\"825d5ec\" data-element_type=\"widget\" data-widget_type=\"image.default\">\n\t\t\t\t\t\t\t\t\t\t\t\t\t\t\t<img fetchpriority=\"high\" decoding=\"async\" width=\"768\" height=\"498\" src=\"https:\/\/juanplacido.com\/wp-content\/uploads\/2025\/12\/familia-e1767060344952-768x498.jpeg\" class=\"attachment-medium_large size-medium_large wp-image-120\" alt=\"\" srcset=\"https:\/\/juanplacido.com\/wp-content\/uploads\/2025\/12\/familia-e1767060344952-768x498.jpeg 768w, https:\/\/juanplacido.com\/wp-content\/uploads\/2025\/12\/familia-e1767060344952-300x195.jpeg 300w, https:\/\/juanplacido.com\/wp-content\/uploads\/2025\/12\/familia-e1767060344952-1024x664.jpeg 1024w, https:\/\/juanplacido.com\/wp-content\/uploads\/2025\/12\/familia-e1767060344952-18x12.jpeg 18w, https:\/\/juanplacido.com\/wp-content\/uploads\/2025\/12\/familia-e1767060344952.jpeg 1280w\" sizes=\"(max-width: 768px) 100vw, 768px\" \/>\t\t\t\t\t\t\t\t\t\t\t\t\t\t\t<\/div>\n\t\t\t\t\t<\/div>\n\t\t\t\t<\/div>\n\t\t\t\t<\/div>","protected":false},"excerpt":{"rendered":"<p>Nuestra historia El Hotel Juan Pl\u00e1cido nace como el sue\u00f1o de nuestra familia cusque\u00f1a, que ha vivido y sentido esta ciudad durante generaciones. Para nosotros no es solo un negocio, sino una forma de compartir la hospitalidad con la que hemos recibido a familiares y amigos toda la vida. Elegimos el nombre Juan Pl\u00e1cido en [&hellip;]<\/p>","protected":false},"author":1,"featured_media":0,"parent":0,"menu_order":0,"comment_status":"closed","ping_status":"closed","template":"","meta":{"footnotes":""},"class_list":["post-6","page","type-page","status-publish","hentry"],"_hostinger_reach_plugin_has_subscription_block":false,"_hostinger_reach_plugin_is_elementor":false,"_links":{"self":[{"href":"https:\/\/juanplacido.com\/en\/wp-json\/wp\/v2\/pages\/6","targetHints":{"allow":["GET"]}}],"collection":[{"href":"https:\/\/juanplacido.com\/en\/wp-json\/wp\/v2\/pages"}],"about":[{"href":"https:\/\/juanplacido.com\/en\/wp-json\/wp\/v2\/types\/page"}],"author":[{"embeddable":true,"href":"https:\/\/juanplacido.com\/en\/wp-json\/wp\/v2\/users\/1"}],"replies":[{"embeddable":true,"href":"https:\/\/juanplacido.com\/en\/wp-json\/wp\/v2\/comments?post=6"}],"version-history":[{"count":15,"href":"https:\/\/juanplacido.com\/en\/wp-json\/wp\/v2\/pages\/6\/revisions"}],"predecessor-version":[{"id":123,"href":"https:\/\/juanplacido.com\/en\/wp-json\/wp\/v2\/pages\/6\/revisions\/123"}],"wp:attachment":[{"href":"https:\/\/juanplacido.com\/en\/wp-json\/wp\/v2\/media?parent=6"}],"curies":[{"name":"wp","href":"https:\/\/api.w.org\/{rel}","templated":true}]}}