{"id":60,"date":"2025-12-29T21:57:53","date_gmt":"2025-12-29T21:57:53","guid":{"rendered":"https:\/\/juanplacido.com\/?page_id=60"},"modified":"2025-12-30T19:28:28","modified_gmt":"2025-12-30T19:28:28","slug":"tu-estancia","status":"publish","type":"page","link":"https:\/\/juanplacido.com\/en\/tu-estancia\/","title":{"rendered":"Your stay"},"content":{"rendered":"<div data-elementor-type=\"wp-page\" data-elementor-id=\"60\" class=\"elementor elementor-60\">\n\t\t\t\t<div class=\"elementor-element elementor-element-f4c3302 e-flex e-con-boxed e-con e-parent\" data-id=\"f4c3302\" data-element_type=\"container\">\n\t\t\t\t\t<div class=\"e-con-inner\">\n\t\t\t\t<div class=\"elementor-element elementor-element-6ab3ff0 elementor-widget elementor-widget-heading\" data-id=\"6ab3ff0\" data-element_type=\"widget\" data-widget_type=\"heading.default\">\n\t\t\t\t\t<h2 class=\"elementor-heading-title elementor-size-default\">Important information: <\/h2>\t\t\t\t<\/div>\n\t\t\t\t\t<\/div>\n\t\t\t\t<\/div>\n\t\t<div class=\"elementor-element elementor-element-2e2fa15 e-flex e-con-boxed e-con e-parent\" data-id=\"2e2fa15\" data-element_type=\"container\">\n\t\t\t\t\t<div class=\"e-con-inner\">\n\t\t\t\t<div class=\"elementor-element elementor-element-4fa9c3c elementor-widget elementor-widget-text-editor\" data-id=\"4fa9c3c\" data-element_type=\"widget\" data-widget_type=\"text-editor.default\">\n\t\t\t\t\t\t\t\t\t<ul><li><strong>Check-in time:<\/strong> From <strong>2:00 PM<\/strong>.<\/li><li><strong>Check-out time:<\/strong> Until <strong>10:00 hrs<\/strong>.<\/li><li><strong>Breakfast schedule:<\/strong> From <strong>6:00 to 9:00 hrs<\/strong>.<ul><li>If you plan to leave early, <strong>let us know in advance<\/strong> and we will gladly leave you a <strong>small snack for your departure<\/strong>.<\/li><\/ul><\/li><li><strong>Reception hours:<\/strong> From <strong>9:00 to 21:00 hrs<\/strong>.<ul><li>For admissions outside of these hours, please use the <strong>access code provided<\/strong>.<\/li><\/ul><\/li><li><strong>Parking:<\/strong> <strong>10 PEN per day<\/strong>.<\/li><li><strong>Room cleaning:<\/strong> From <strong>Monday to Saturday<\/strong>, of <strong>10:00 to 15:00 hrs<\/strong>.<ul><li>To request the service, please indicate this by placing the door handle sign accordingly. <strong>sign on the door plate<\/strong>.<\/li><\/ul><\/li><li><strong>Laundry:<\/strong> <strong>5 PEN per kg<\/strong>.<\/li><li><strong>Heating:<\/strong> <strong>20 PEN per day<\/strong> (additional service).<\/li><\/ul>\t\t\t\t\t\t\t\t<\/div>\n\t\t\t\t\t<\/div>\n\t\t\t\t<\/div>\n\t\t<div class=\"elementor-element elementor-element-968b7b1 e-flex e-con-boxed e-con e-parent\" data-id=\"968b7b1\" data-element_type=\"container\">\n\t\t\t\t\t<div class=\"e-con-inner\">\n\t\t\t\t<div class=\"elementor-element elementor-element-7d008dc elementor-widget elementor-widget-heading\" data-id=\"7d008dc\" data-element_type=\"widget\" data-widget_type=\"heading.default\">\n\t\t\t\t\t<h2 class=\"elementor-heading-title elementor-size-default\">House policies<\/h2>\t\t\t\t<\/div>\n\t\t\t\t<div class=\"elementor-element elementor-element-ab6f6cd elementor-widget elementor-widget-text-editor\" data-id=\"ab6f6cd\" data-element_type=\"widget\" data-widget_type=\"text-editor.default\">\n\t\t\t\t\t\t\t\t\t<p>To ensure a comfortable, safe and orderly stay for all our guests, we ask that you read and consider the following policies:<\/p>\n<ol>\n<li>At the time of check-in, it is mandatory to present <strong data-start=\"837\" data-end=\"863\">identity card<\/strong> o <strong data-start=\"866\" data-end=\"879\">passport<\/strong> of all guests, according to local regulations.&nbsp;<\/li>\n<\/ol>\n<ol>\n<li style=\"list-style-type: none;\">\n<ul>\n<li data-start=\"1216\" data-end=\"1307\">\n<p data-start=\"1218\" data-end=\"1307\">Only registered guests are allowed access to the rooms.<\/p>\n<\/li>\n<li data-start=\"1308\" data-end=\"1429\">\n<p data-start=\"1310\" data-end=\"1429\">The <strong data-start=\"1314\" data-end=\"1325\">visits<\/strong> must be authorized by reception and are only allowed in common areas, not in the rooms.<\/p>\n<\/li>\n<li data-start=\"1430\" data-end=\"1565\">\n<p data-start=\"1432\" data-end=\"1565\">Each room has a <strong data-start=\"1458\" data-end=\"1478\">maximum capacity<\/strong>; For safety reasons, it is not allowed to exceed the number of people established in the reservation.<\/p>\n<\/li>\n<\/ul>\n<\/li>\n<li>\n<h4 data-start=\"933\" data-end=\"960\">Quiet hours<\/h4>\n<ul data-start=\"962\" data-end=\"1173\">\n<li data-start=\"962\" data-end=\"1065\">\n<p data-start=\"964\" data-end=\"1065\">In order to respect everyone's rest, there is a <strong data-start=\"1008\" data-end=\"1031\">hours of silence<\/strong> approximate of <strong data-start=\"1046\" data-end=\"1062\">22:00 a 7:00<\/strong>.<\/p>\n<\/li>\n<li data-start=\"1066\" data-end=\"1173\">\n<p data-start=\"1068\" data-end=\"1173\">We ask you to avoid loud music, loud conversations in hallways and excessive noise during these hours.<\/p>\n<\/li>\n<\/ul>\n<\/li>\n<li>\n<h4 data-start=\"1572\" data-end=\"1588\">No smoking or candles<\/h4>\n<ul data-start=\"1590\" data-end=\"1984\">\n<li data-start=\"1590\" data-end=\"1669\">\n<p data-start=\"1592\" data-end=\"1669\">All our rooms and indoor areas are <strong data-start=\"1643\" data-end=\"1666\">100% smoke-free<\/strong>.<\/p>\n<\/li>\n<li data-start=\"1670\" data-end=\"1784\">\n<p data-start=\"1672\" data-end=\"1784\">Smoking of cigarettes, vapes and other substances is not permitted inside the rooms or in corridors.<\/p>\n<\/li>\n<li data-start=\"1785\" data-end=\"1850\">\n<p data-start=\"1787\" data-end=\"1850\">Smoking is only permitted in designated outdoor areas.<\/p>\n<\/li>\n<li data-start=\"1851\" data-end=\"1984\">\n<p data-start=\"1853\" data-end=\"1984\">If the odor of tobacco or other substances is detected inside the room, we can apply a <strong data-start=\"1953\" data-end=\"1983\">deep cleaning charge.<\/strong><\/p>\n<\/li>\n<\/ul>\n<\/li>\n<li>\n<h4 data-start=\"1991\" data-end=\"2028\">Bed linen, towels and damages<\/h4>\n<ul data-start=\"2030\" data-end=\"2687\">\n<li data-start=\"2030\" data-end=\"2130\">\n<p data-start=\"2032\" data-end=\"2130\">We ask you to use bed linen and towels. <strong data-start=\"2082\" data-end=\"2100\">exclusively<\/strong> for its usual purpose.<\/p>\n<\/li>\n<li data-start=\"2131\" data-end=\"2233\">\n<p data-start=\"2133\" data-end=\"2233\">Avoid using them to remove makeup, hair dye, clean shoes, suitcases or other objects.<\/p>\n<\/li>\n<li data-start=\"2234\" data-end=\"2509\">\n<p data-start=\"2236\" data-end=\"2509\">In the event that bed linen, towels or textiles suffer from <strong data-start=\"2291\" data-end=\"2322\">permanent stains or damage<\/strong> (e.g., makeup, dye, blood or other products that are difficult to remove), the hotel reserves the right to <strong data-start=\"2442\" data-end=\"2471\">charge an additional amount<\/strong> for special cleaning or replacement.<\/p>\n<\/li>\n<li data-start=\"2510\" data-end=\"2687\">\n<p data-start=\"2512\" data-end=\"2687\">Any relevant damage to furniture, equipment or facilities caused by improper use may result in a charge of <strong data-start=\"2619\" data-end=\"2638\">additional charge<\/strong> equivalent to the cost of repair or replacement.<\/p>\n<\/li>\n<\/ul>\n<p data-start=\"1150\" data-end=\"1220\">\n<\/p><\/li>\n<li>\n<h4 data-start=\"2694\" data-end=\"2729\">Access keys<\/h4>\n<ul data-start=\"2731\" data-end=\"2899\">\n<li data-start=\"2731\" data-end=\"2820\">\n<p data-start=\"2733\" data-end=\"2820\">We ask you to take care of the <strong data-start=\"2755\" data-end=\"2786\">access keys<\/strong> delivered during your stay.<\/p>\n<\/li>\n<li data-start=\"2821\" data-end=\"2899\">\n<p data-start=\"2823\" data-end=\"2899\">In case of loss or damage, a fee may be charged. <strong data-start=\"2869\" data-end=\"2883\">fixed amount<\/strong>&nbsp;from <strong>10 PEN<\/strong> by replenishment.<\/p>\n<\/li>\n<\/ul>\n<\/li>\n<li>\n<h4 data-start=\"3740\" data-end=\"3757\">Security<\/h4>\n<ul data-start=\"3759\" data-end=\"4066\">\n<li data-start=\"3759\" data-end=\"3874\">\n<p data-start=\"3761\" data-end=\"3874\">Please <strong data-start=\"3771\" data-end=\"3813\">close your bedroom door tightly<\/strong> on the way out.<\/p>\n<\/li>\n<li data-start=\"3875\" data-end=\"3982\">\n<p data-start=\"3877\" data-end=\"3982\">The hotel is not responsible for loss of valuables not declared or left unattended.<\/p>\n<\/li>\n<li data-start=\"3983\" data-end=\"4066\">\n<p data-start=\"3985\" data-end=\"4066\">In case of emergency or unusual situation, contact the front desk immediately.<\/p>\n<\/li>\n<\/ul>\n<\/li>\n<\/ol>\t\t\t\t\t\t\t\t<\/div>\n\t\t\t\t<div class=\"elementor-element elementor-element-e75493c elementor-widget elementor-widget-heading\" data-id=\"e75493c\" data-element_type=\"widget\" data-widget_type=\"heading.default\">\n\t\t\t\t\t<h2 class=\"elementor-heading-title elementor-size-default\">Videos and informative maps<\/h2>\t\t\t\t<\/div>\n\t\t<div class=\"elementor-element elementor-element-f890088 e-grid e-con-full e-con e-child\" data-id=\"f890088\" data-element_type=\"container\">\n\t\t\t\t<div class=\"elementor-element elementor-element-2b159a2 elementor-widget elementor-widget-video\" data-id=\"2b159a2\" data-element_type=\"widget\" data-settings=\"{&quot;video_type&quot;:&quot;hosted&quot;,&quot;controls&quot;:&quot;yes&quot;}\" data-widget_type=\"video.default\">\n\t\t\t\t\t\t\t<div class=\"e-hosted-video elementor-wrapper elementor-open-inline\">\n\t\t\t\t\t<video class=\"elementor-video\" src=\"https:\/\/juanplacido.com\/wp-content\/uploads\/2025\/12\/Bus-Batman.mp4\" controls=\"\" preload=\"metadata\" controlslist=\"nodownload\" poster=\"https:\/\/juanplacido.com\/wp-content\/uploads\/2025\/12\/Captura-de-pantalla-2025-12-29-171341.png\"><\/video>\n\t\t\t\t<\/div>\n\t\t\t\t\t\t<\/div>\n\t\t\t\t<div class=\"elementor-element elementor-element-0d6d4ca elementor-widget elementor-widget-video\" data-id=\"0d6d4ca\" data-element_type=\"widget\" data-settings=\"{&quot;video_type&quot;:&quot;hosted&quot;,&quot;controls&quot;:&quot;yes&quot;}\" data-widget_type=\"video.default\">\n\t\t\t\t\t\t\t<div class=\"e-hosted-video elementor-wrapper elementor-open-inline\">\n\t\t\t\t\t<video class=\"elementor-video\" src=\"https:\/\/juanplacido.com\/wp-content\/uploads\/2025\/12\/Camino-a-la-plaza-caminando.mp4\" controls=\"\" preload=\"metadata\" controlslist=\"nodownload\" poster=\"https:\/\/juanplacido.com\/wp-content\/uploads\/2025\/12\/Captura-de-pantalla-2025-12-29-171900.png\"><\/video>\n\t\t\t\t<\/div>\n\t\t\t\t\t\t<\/div>\n\t\t\t\t<div class=\"elementor-element elementor-element-5e49b0d elementor-widget elementor-widget-video\" data-id=\"5e49b0d\" data-element_type=\"widget\" data-settings=\"{&quot;video_type&quot;:&quot;hosted&quot;,&quot;controls&quot;:&quot;yes&quot;}\" data-widget_type=\"video.default\">\n\t\t\t\t\t\t\t<div class=\"e-hosted-video elementor-wrapper elementor-open-inline\">\n\t\t\t\t\t<video class=\"elementor-video\" src=\"https:\/\/juanplacido.com\/wp-content\/uploads\/2025\/12\/Restaurantes-cercanos.mp4\" controls=\"\" preload=\"metadata\" controlslist=\"nodownload\" poster=\"https:\/\/juanplacido.com\/wp-content\/uploads\/2025\/12\/Captura-de-pantalla-2025-12-29-171730.png\"><\/video>\n\t\t\t\t<\/div>\n\t\t\t\t\t\t<\/div>\n\t\t\t\t<\/div>\n\t\t\t\t\t<\/div>\n\t\t\t\t<\/div>\n\t\t<div class=\"elementor-element elementor-element-8da0111 e-flex e-con-boxed e-con e-parent\" data-id=\"8da0111\" data-element_type=\"container\">\n\t\t\t\t\t<div class=\"e-con-inner\">\n\t\t\t\t<div class=\"elementor-element elementor-element-cdfe578 elementor-widget elementor-widget-html\" data-id=\"cdfe578\" data-element_type=\"widget\" data-widget_type=\"html.default\">\n\t\t\t\t\t<iframe src=\"https:\/\/www.google.com\/maps\/d\/u\/0\/embed?mid=1L8Of9OPo32dM6PxU5e9MSmWudZlmLsU&ehbc=2E312F&noprof=1\" width=\"640\" height=\"480\"><\/iframe>\t\t\t\t<\/div>\n\t\t\t\t\t<\/div>\n\t\t\t\t<\/div>\n\t\t<div class=\"elementor-element elementor-element-007d3fa e-flex e-con-boxed e-con e-parent\" data-id=\"007d3fa\" data-element_type=\"container\">\n\t\t\t\t\t<div class=\"e-con-inner\">\n\t\t\t\t<div class=\"elementor-element elementor-element-6101d3f elementor-align-center elementor-widget elementor-widget-button\" data-id=\"6101d3f\" data-element_type=\"widget\" data-widget_type=\"button.default\">\n\t\t\t\t\t\t\t\t\t\t<a class=\"elementor-button elementor-button-link elementor-size-sm\" href=\"https:\/\/www.google.com\/maps\/d\/u\/0\/edit?mid=1L8Of9OPo32dM6PxU5e9MSmWudZlmLsU&#038;usp=sharing\" id=\"google maps\">\n\t\t\t\t\t\t<span class=\"elementor-button-content-wrapper\">\n\t\t\t\t\t\t\t\t\t<span class=\"elementor-button-text\">Open in google maps<\/span>\n\t\t\t\t\t<\/span>\n\t\t\t\t\t<\/a>\n\t\t\t\t\t\t\t\t<\/div>\n\t\t\t\t\t<\/div>\n\t\t\t\t<\/div>\n\t\t\t\t<\/div>","protected":false},"excerpt":{"rendered":"<p>Indicaciones importantes: Horario de ingreso (Check-in): A partir de las 14:00 hrs. Horario de salida (Check-out): Hasta las 10:00 hrs. Horario de desayuno: De 6:00 a 9:00 hrs. Si planea salir temprano, av\u00edsenos con anticipaci\u00f3n y con gusto le dejaremos un peque\u00f1o snack para su partida. Horario de recepci\u00f3n: De 9:00 a 21:00 hrs. Para [&hellip;]<\/p>","protected":false},"author":1,"featured_media":0,"parent":0,"menu_order":0,"comment_status":"closed","ping_status":"closed","template":"","meta":{"footnotes":""},"class_list":["post-60","page","type-page","status-publish","hentry"],"_hostinger_reach_plugin_has_subscription_block":false,"_hostinger_reach_plugin_is_elementor":false,"_links":{"self":[{"href":"https:\/\/juanplacido.com\/en\/wp-json\/wp\/v2\/pages\/60","targetHints":{"allow":["GET"]}}],"collection":[{"href":"https:\/\/juanplacido.com\/en\/wp-json\/wp\/v2\/pages"}],"about":[{"href":"https:\/\/juanplacido.com\/en\/wp-json\/wp\/v2\/types\/page"}],"author":[{"embeddable":true,"href":"https:\/\/juanplacido.com\/en\/wp-json\/wp\/v2\/users\/1"}],"replies":[{"embeddable":true,"href":"https:\/\/juanplacido.com\/en\/wp-json\/wp\/v2\/comments?post=60"}],"version-history":[{"count":17,"href":"https:\/\/juanplacido.com\/en\/wp-json\/wp\/v2\/pages\/60\/revisions"}],"predecessor-version":[{"id":158,"href":"https:\/\/juanplacido.com\/en\/wp-json\/wp\/v2\/pages\/60\/revisions\/158"}],"wp:attachment":[{"href":"https:\/\/juanplacido.com\/en\/wp-json\/wp\/v2\/media?parent=60"}],"curies":[{"name":"wp","href":"https:\/\/api.w.org\/{rel}","templated":true}]}}