{"id":8,"date":"2025-12-21T04:40:40","date_gmt":"2025-12-21T04:40:40","guid":{"rendered":"https:\/\/seashell-aardvark-285822.hostingersite.com\/reservation\/"},"modified":"2025-12-30T02:10:55","modified_gmt":"2025-12-30T02:10:55","slug":"reservation","status":"publish","type":"page","link":"https:\/\/juanplacido.com\/en\/reservation\/","title":{"rendered":"Reservations"},"content":{"rendered":"<div data-elementor-type=\"wp-page\" data-elementor-id=\"8\" class=\"elementor elementor-8\">\n\t\t\t\t<div class=\"elementor-element elementor-element-d3111dd e-flex e-con-boxed e-con e-parent\" data-id=\"d3111dd\" data-element_type=\"container\">\n\t\t\t\t\t<div class=\"e-con-inner\">\n\t\t<div class=\"elementor-element elementor-element-3ae9a29 e-grid hostinger-ai-contact-form-2 e-con-full e-con e-child\" data-id=\"3ae9a29\" data-element_type=\"container\">\n\t\t<div class=\"elementor-element elementor-element-28d18f8 e-con-full e-flex e-con e-child\" data-id=\"28d18f8\" data-element_type=\"container\">\n\t\t\t\t<div class=\"elementor-element elementor-element-b2a0b14 hostinger-ai-title elementor-widget elementor-widget-heading\" data-id=\"b2a0b14\" data-element_type=\"widget\" data-widget_type=\"heading.default\">\n\t\t\t\t\t<h2 class=\"elementor-heading-title elementor-size-default\">Contact us at<\/h2>\t\t\t\t<\/div>\n\t\t\t\t<div class=\"elementor-element elementor-element-95ecea1 hostinger-ai-description elementor-widget elementor-widget-text-editor\" data-id=\"95ecea1\" data-element_type=\"widget\" data-widget_type=\"text-editor.default\">\n\t\t\t\t\t\t\t\t\t<p>Enter the number of people and date of travel. We will be happy to advise you.<\/p>\t\t\t\t\t\t\t\t<\/div>\n\t\t\t\t<div class=\"elementor-element elementor-element-5211450 elementor-widget elementor-widget-hostinger-contact-form\" data-id=\"5211450\" data-element_type=\"widget\" data-widget_type=\"hostinger-contact-form.default\">\n\t\t\t\t<div class=\"elementor-widget-container\">\n\t\t\t\t\t        <div class=\"hostinger-elementor-contact-form\">\n            <section class=\"hts-section hts-page hts-contact-form\">\n                <div class=\"hts-details\">\n                    <div class=\"elementor-hts-contact-details elementor-hts-contacts\">\n                        \n                        \n                        <form id=\"contact-form-69e3c320211df\" data-recipient=\"YWRtaW5AanVhbnBsYWNpZG8uY29t\" action=\"\">\n                            <input type=\"hidden\" id=\"contactform_nonce\" name=\"contactform_nonce\" value=\"c996e80abd\" \/><input type=\"hidden\" name=\"_wp_http_referer\" value=\"\/en\/wp-json\/wp\/v2\/pages\/8\" \/>\n                            <label for=\"contact-form-69e3c320211df-name\">Name<\/label>\n                            <input type=\"text\"\n                                   id=\"contact-form-69e3c320211df-name\"\n                                   class=\"contact-name\"\n                                   name=\"name\"\n                                   placeholder=\"What is your name?\"\n                                   required>\n\n                            <label for=\"contact-form-69e3c320211df-email\">Mail<\/label>\n                            <input type=\"email\"\n                                   id=\"contact-form-69e3c320211df-email\"\n                                   class=\"contact-email\"\n                                   name=\"email\"\n                                   placeholder=\"What is your email address?\"\n                                   required>\n\n                            <label for=\"contact-form-69e3c320211df-message\">Message<\/label>\n                            <textarea id=\"contact-form-69e3c320211df-message\"\n                                      class=\"contact-message\"\n                                      name=\"message\"\n                                      placeholder=\"Write your message...\"\n                                      required><\/textarea>\n\n                            <div class=\"hts-privacy-agree\">\n                                <label class=\"hts-form-control\">\n                                    <input type=\"checkbox\"\n                                           id=\"contact-form-69e3c320211df-privacy-policy-checkbox\"\n                                           class=\"privacy-policy-checkbox\"\n                                           name=\"privacy_policy\"\n                                           required>\n                                    <span>I consent to use of provided personal data for the purpose of responding to the request as described in <a href=\"\" target=\"_blank\">Privacy Policy<\/a> which I have read. I may withdraw my consent at any time.<\/span>\n                                <\/label>\n                            <\/div>\n\n                            <input type=\"submit\" value=\"Send message\">\n                            <div class=\"validate-message\"><\/div>\n                        <input type=\"hidden\" name=\"trp-form-language\" value=\"en\"\/><\/form>\n                    <\/div>\n                <\/div>\n            <\/section>\n        <\/div>\n        \t\t\t\t<\/div>\n\t\t\t\t<\/div>\n\t\t\t\t<\/div>\n\t\t\t\t<\/div>\n\t\t\t\t\t<\/div>\n\t\t\t\t<\/div>\n\t\t\t\t<\/div>","protected":false},"excerpt":{"rendered":"<p>Cont\u00e1ctenos Ingrese la cantida de personas y fecha de viaje. Estaremos encantados en asesorarlo. Nombre Correo Mensaje Autorizo el uso de los datos personales facilitados con el fin de responder a la solicitud seg\u00fan lo descrito en Pol\u00edtica de privacidad que he le\u00eddo. Puedo retirar mi consentimiento en cualquier momento.<\/p>","protected":false},"author":1,"featured_media":0,"parent":0,"menu_order":0,"comment_status":"closed","ping_status":"closed","template":"","meta":{"footnotes":""},"class_list":["post-8","page","type-page","status-publish","hentry"],"_hostinger_reach_plugin_has_subscription_block":false,"_hostinger_reach_plugin_is_elementor":false,"_links":{"self":[{"href":"https:\/\/juanplacido.com\/en\/wp-json\/wp\/v2\/pages\/8","targetHints":{"allow":["GET"]}}],"collection":[{"href":"https:\/\/juanplacido.com\/en\/wp-json\/wp\/v2\/pages"}],"about":[{"href":"https:\/\/juanplacido.com\/en\/wp-json\/wp\/v2\/types\/page"}],"author":[{"embeddable":true,"href":"https:\/\/juanplacido.com\/en\/wp-json\/wp\/v2\/users\/1"}],"replies":[{"embeddable":true,"href":"https:\/\/juanplacido.com\/en\/wp-json\/wp\/v2\/comments?post=8"}],"version-history":[{"count":10,"href":"https:\/\/juanplacido.com\/en\/wp-json\/wp\/v2\/pages\/8\/revisions"}],"predecessor-version":[{"id":130,"href":"https:\/\/juanplacido.com\/en\/wp-json\/wp\/v2\/pages\/8\/revisions\/130"}],"wp:attachment":[{"href":"https:\/\/juanplacido.com\/en\/wp-json\/wp\/v2\/media?parent=8"}],"curies":[{"name":"wp","href":"https:\/\/api.w.org\/{rel}","templated":true}]}}